{"id":97,"date":"2016-02-23T15:59:37","date_gmt":"2016-02-23T15:59:37","guid":{"rendered":"http:\/\/goldene-linie.de\/?page_id=97"},"modified":"2016-02-23T15:59:37","modified_gmt":"2016-02-23T15:59:37","slug":"marias-rache","status":"publish","type":"page","link":"https:\/\/goldene-linie.de\/?page_id=97","title":{"rendered":"Marias Rache"},"content":{"rendered":"<p>Teil 2 der Serie zur Goldenen Linie<\/p>\n<p>JEVER\/WITTMUND\/HBU &#8211; Der Grenzstreit zwischen dem Je\u00adverland und Harlingerland, der 1666 mit dem Ziehen der Goldenen Linie einstweilen beigelegt wurde, hatte seine Vorgeschichte &#8211; die Rivalit\u00e4t zwischen Jever und den Ost\u00adfriesen reichte bis ins sp\u00e4te Mittelalter zur\u00fcck. Genauer gesagt in die H\u00e4uptlingszeit des 14. Jahrhunderts, in der die lokalen Herrscher auf der Ostfriesischen Halbinsel be\u00adgannen, ihre Herrschaftsge\u00adbiete auszudehnen &#8211; wahl\u00adweise durch geschicktes Ver\u00adheiraten oder durch Krieg. Vor dieser Wahl standen im 16. Jahrhundert auch die T\u00f6chter des letzten H\u00e4uptlings des Je\u00adverlandes, Edo Wiemken 11., und so stand der Anschluss des Jeverlandes an das ostfrie\u00adsische Herrschaftsgebiet der Cirksenas durch Einheirat be\u00advor. Doch die Cirksena -S\u00f6hne br\u00fcskierten die jeverschen T\u00f6chter derart, dass die poli\u00adtisch Kraftvollste der drei, Fr\u00e4ulein Maria, erfolgreich die Selbstst\u00e4ndigkeit bewahrte und das Jeverland nach ihrem Tode an die Oldenburger ver\u00aderbte. Die Trennung des Jever\u00adlandes von Ostfriesland, die bis heute nachwirkt, war da\u00admit zementiert. Die Hinter\u00adgr\u00fcnde schildert Wolfgang Koppen heute in der zweiten Folge unserer Serie zur &#8222;Gol\u00addenen Linie&#8220;.<\/p>\n","protected":false},"excerpt":{"rendered":"<p>Teil 2 der Serie zur Goldenen Linie JEVER\/WITTMUND\/HBU &#8211; Der Grenzstreit zwischen dem Je\u00adverland und Harlingerland, der 1666 mit dem Ziehen der Goldenen Linie einstweilen beigelegt wurde, hatte seine Vorgeschichte &#8211; die Rivalit\u00e4t zwischen Jever und den Ost\u00adfriesen reichte bis ins sp\u00e4te Mittelalter zur\u00fcck. Genauer gesagt in die H\u00e4uptlingszeit des 14. Jahrhunderts, in der die &#8230; <span class=\"more\"><a class=\"more-link\" href=\"https:\/\/goldene-linie.de\/?page_id=97\">[weiterlesen&#8230;]<\/a><\/span><\/p>\n","protected":false},"author":5,"featured_media":0,"parent":0,"menu_order":0,"comment_status":"closed","ping_status":"closed","template":"","meta":{"footnotes":""},"class_list":["entry","page","publish","author-clemens","post-97"],"_links":{"self":[{"href":"https:\/\/goldene-linie.de\/index.php?rest_route=\/wp\/v2\/pages\/97","targetHints":{"allow":["GET"]}}],"collection":[{"href":"https:\/\/goldene-linie.de\/index.php?rest_route=\/wp\/v2\/pages"}],"about":[{"href":"https:\/\/goldene-linie.de\/index.php?rest_route=\/wp\/v2\/types\/page"}],"author":[{"embeddable":true,"href":"https:\/\/goldene-linie.de\/index.php?rest_route=\/wp\/v2\/users\/5"}],"replies":[{"embeddable":true,"href":"https:\/\/goldene-linie.de\/index.php?rest_route=%2Fwp%2Fv2%2Fcomments&post=97"}],"version-history":[{"count":1,"href":"https:\/\/goldene-linie.de\/index.php?rest_route=\/wp\/v2\/pages\/97\/revisions"}],"predecessor-version":[{"id":98,"href":"https:\/\/goldene-linie.de\/index.php?rest_route=\/wp\/v2\/pages\/97\/revisions\/98"}],"wp:attachment":[{"href":"https:\/\/goldene-linie.de\/index.php?rest_route=%2Fwp%2Fv2%2Fmedia&parent=97"}],"curies":[{"name":"wp","href":"https:\/\/api.w.org\/{rel}","templated":true}]}}