{"id":85,"date":"2016-02-23T15:52:29","date_gmt":"2016-02-23T15:52:29","guid":{"rendered":"http:\/\/goldene-linie.de\/?page_id=85"},"modified":"2016-02-23T15:52:29","modified_gmt":"2016-02-23T15:52:29","slug":"bestallungsurkunde-fuer-feldmann","status":"publish","type":"page","link":"https:\/\/goldene-linie.de\/?page_id=85","title":{"rendered":"&#8222;Bestallungsurkunde&#8220; f\u00fcr Feldmann"},"content":{"rendered":"<div id=\"attachment_86\" style=\"width: 271px\" class=\"wp-caption alignleft\"><img loading=\"lazy\" decoding=\"async\" aria-describedby=\"caption-attachment-86\" class=\"wp-image-86 size-full\" src=\"https:\/\/goldene-linie.de\/wp-content\/uploads\/2016\/02\/gl1.jpg\" alt=\"gl1\" width=\"261\" height=\"280\" \/><p id=\"caption-attachment-86\" class=\"wp-caption-text\">Aus den H\u00e4nden von Gildemeister Herbert Fischer (rechts) erhiell Heinz Feldmann, neues Mitglied in der &#8222;Gilde zur Goldenen Linie&#8220; jetzt seine Bestallungsurkunde. Links der jeverl\u00e4ndische Gildemeister Ingo Hashagen<\/p><\/div>\n<p>Sparkassenvorstand geh\u00f6rt jetzt zum Traditionsverein &#8222;Gilde zur Goldene Linie von 1666&#8220;<br \/>\nSonderlich gr\u00fcn waren sich Jeverl\u00e4nder und Harlingerl\u00e4nder nie. Doch eine Gilde will diese Animosit\u00e4ten sogar f\u00f6rdern.<\/p>\n<p>-dk- Wittmund. 13 Mitglieder aus dem Jeverland, 13 aus dem Harlingerland &#8211; die Statuten der &#8222;Gilde zur Goldenen Linie von 1666&#8220;, die sich 1987 gr\u00fcndete, sind festgeschrieben. Und so geh\u00f6rt es dazu, dass die Zahl der Mitstreiter nicht weiter steigen darf, neue Gildebr\u00fcder gegebe-nenfalls von der &#8222;Goldenen Linie&#8220; selbst ausgeguckt werden.<\/p>\n<p>So war es jetzt wieder. Nachdem Hinrich L\u00fcbbers im Dezember seine Mitgliedschaft in der Gilde niedergelegt hatte, beriefen die Herren des Harlingerlandes Sparkassendirektor Heinz Feldmann einstimmig zum neuen, dem 13. Gildemitglied. Bei einem Empfang \u00fcberreichte der harlingerl\u00e4ndische Gildemeister Herbert Fischer, wie die weiteren Gildebr\u00fcder in barocker Tracht, die &#8222;Bestallungsurkunde&#8220;, die verbunden war mit der rot-gr\u00fcnen Sch\u00e4rpe, dem Degen und dem Hut. Der &#8222;neue Kommittierte&#8220; Feldmann dankte f\u00fcr die freundschaftliche Aufnahme und versprach, sich &#8222;mit ma\u00dfvollem Ton und hinreichend standhafter Haltung gegen\u00fcber den gegnerischen Anspr\u00fcchen zu beflei\u00dfigen&#8220;. Im Anschluss stellte Studienrat Bernd-Uwe Janssen vom Regionalen Umweltzentrum Schortens der Versammlung das Projekt &#8222;Harlebucht erfahren&#8220; vor. Immerhin arbeiten an diesem Vorhaben einige Gildebr\u00fcder bereits mit.<br \/>\nVor 16 Jahren hatten sich Interessierte der Gruppen aus dem Jeverland und dem Harlingerland zusammengefunden, um die gute Nachbarschaft zwischen den Regionen diesseits und jenseits der Goldenen Linie &#8211;<\/p>\n<p>der 1666 gezogenen Grenze zwischen den Nachbarregionen &#8211; zu pflegen, verlief die Historie beider Regionen \u00fcber f\u00fcnf Jahrhunderte hinweg recht unterschiedlich.Zu den Veranstaltungen der Gilde zur Goldenen Linie von 1666, die sich auch als &#8222;Historische Gesellschaft zur Aufrechterhaltung der Stryteryen, H\u00e4ndel und Animosit\u00e4ten zwischen dem Jever- und dem Harlingerlande&#8220; bezeichnet, geh\u00f6rt am 1. Mai regelm\u00e4\u00dfig das Gildemahl.<\/p>\n","protected":false},"excerpt":{"rendered":"<p>Sparkassenvorstand geh\u00f6rt jetzt zum Traditionsverein &#8222;Gilde zur Goldene Linie von 1666&#8220; Sonderlich gr\u00fcn waren sich Jeverl\u00e4nder und Harlingerl\u00e4nder nie. Doch eine Gilde will diese Animosit\u00e4ten sogar f\u00f6rdern. -dk- Wittmund. 13 Mitglieder aus dem Jeverland, 13 aus dem Harlingerland &#8211; die Statuten der &#8222;Gilde zur Goldenen Linie von 1666&#8220;, die sich 1987 gr\u00fcndete, sind festgeschrieben. Und &#8230; <span class=\"more\"><a class=\"more-link\" href=\"https:\/\/goldene-linie.de\/?page_id=85\">[weiterlesen&#8230;]<\/a><\/span><\/p>\n","protected":false},"author":5,"featured_media":0,"parent":0,"menu_order":0,"comment_status":"closed","ping_status":"closed","template":"","meta":{"footnotes":""},"class_list":["entry","page","publish","author-clemens","post-85"],"_links":{"self":[{"href":"https:\/\/goldene-linie.de\/index.php?rest_route=\/wp\/v2\/pages\/85","targetHints":{"allow":["GET"]}}],"collection":[{"href":"https:\/\/goldene-linie.de\/index.php?rest_route=\/wp\/v2\/pages"}],"about":[{"href":"https:\/\/goldene-linie.de\/index.php?rest_route=\/wp\/v2\/types\/page"}],"author":[{"embeddable":true,"href":"https:\/\/goldene-linie.de\/index.php?rest_route=\/wp\/v2\/users\/5"}],"replies":[{"embeddable":true,"href":"https:\/\/goldene-linie.de\/index.php?rest_route=%2Fwp%2Fv2%2Fcomments&post=85"}],"version-history":[{"count":1,"href":"https:\/\/goldene-linie.de\/index.php?rest_route=\/wp\/v2\/pages\/85\/revisions"}],"predecessor-version":[{"id":87,"href":"https:\/\/goldene-linie.de\/index.php?rest_route=\/wp\/v2\/pages\/85\/revisions\/87"}],"wp:attachment":[{"href":"https:\/\/goldene-linie.de\/index.php?rest_route=%2Fwp%2Fv2%2Fmedia&parent=85"}],"curies":[{"name":"wp","href":"https:\/\/api.w.org\/{rel}","templated":true}]}}