{"id":42,"date":"2016-02-23T15:19:28","date_gmt":"2016-02-23T15:19:28","guid":{"rendered":"http:\/\/goldene-linie.de\/?page_id=42"},"modified":"2016-02-23T15:47:29","modified_gmt":"2016-02-23T15:47:29","slug":"im-streit-die-freundschaft-pflegen","status":"publish","type":"page","link":"https:\/\/goldene-linie.de\/?page_id=42","title":{"rendered":"Im Streit die Freundschaft pflegen"},"content":{"rendered":"<p><strong>Im Streit die Freundschaft pflegen<\/strong><\/p>\n<p><b>Mitglieder der &#8222;Gilde zur Goldenen Linie von 1666&#8220; sch\u00e4tzen handfeste Auseinandersetzungen<\/b><\/p>\n<p>Sonderlich gr\u00fcn waren sich Jeverl\u00e4nder und Harlingerl\u00e4nder nie. Doch eine Gilde will diese Animosit\u00e4ten sogar f\u00f6rdern.<span class=\"kl\">Von Wolfgang Malzahn<\/span>\u00a0Wittmund. Dreimal klopft Herold Egon Hohn mit der Hellebarde auf den Fu\u00dfboden. Dann wei\u00df man, da\u00df jetzt etwas Neues kommt. Entweder ein neuer Gang beim Essen. Oder irgend eine neuerliche Gemeinheit. Jeweils 13 Gilde-Herren aus dem Friesischen sowie aus dem Harlingerland treffen sich j\u00e4hrlich am 1. Mai, um den alten Streit wieder aufleben zu lassen, der 1666 zur Ziehung der Goldenen Linie, der Grenze zwischen Friesland und Ostfriesland gef\u00fchrt hat.<br \/>\nDie 26 honorigen Herren sehen in ihren reich verzierten Gew\u00e4ndern aus wie Musketiere aus der Operette. Sie trinken Gilde-Bier und essen Schmalzbrot oder deftigen Schweinebraten. Und sie hauen sich die Gemeinheiten nur so um die Ohren. &#8222;Historische Gesellschaft zur Aufrech<wbr \/>terhaltung Streytereyen, H\u00e4ndel und Animosit\u00e4ten zwischen dem Jever- und dem Harlingerlande nennt sich ihr Verein, der im Grunde nur ein Ziel kennt: Uber die r\u00fccksichtlose Auseinandersetzung die Freundschaft zu pflegen.<\/p>\n<p><img loading=\"lazy\" decoding=\"async\" class=\"size-full wp-image-43 alignleft\" src=\"https:\/\/goldene-linie.de\/wp-content\/uploads\/2016\/02\/gilde.jpg\" alt=\"So soll es sein: Mit einem Schluck Gilde-Bier aus dem Traditionshumpen sto\u00dfen der Wittmunder Bankdirektor Hinrich L\u00fcbbers(links) und der Jeveraner Autoh\u00e4ndler Siegmund Netcel auf die alte Feindschaft zwischen dem Harlingerland und dem Jeverland an\" width=\"199\" height=\"133\" \/><\/p>\n<p>So soll es sein:<br \/>\nMit einem Schluck Gilde-Bier aus dem Traditionshumpen sto\u00dfen der Wittmunder Bankdirektor Hinrich L\u00fcbbers(links) und der Jeveraner Autoh\u00e4ndler Siegmund Netcel auf die alte Feindschaft zwischen dem Harlingerland und dem Jeverland an<\/p>\n<p>&nbsp;<\/p>\n<p>&nbsp;<\/p>\n<p>&nbsp;<\/p>\n<p>So betonte Anton-Wilhelm Janssen zum Beispiel, dass es den Jeveranern &#8222;in Wittmund nicht geheuer&#8220; ist. Er sei heilfroh, dass, Fr\u00e4ulein Maria die Jeveraner davor bewahrt habe &#8220; zum Hohn der der WeltOstfriesen zu werden&#8220;. Neben dem historlschen Streit werden aber auch Vorkommnisse beim Nachbarn ganz aktuell auf die Schippegenommen, Thomas-Michael B\u00f6hme zum Beispiel berichtet am\u00fcsiert dar\u00fcber, wie das Friesische Brauhaus mal hierhin, mal dahin verschachert wird und wie die Jeveraner ihre stinkenden Putenmastst\u00e4lle an die Grenze zu Ostfriesland planen.<br \/>\nG\u00fcnther Schm\u00f6ckel hingegen spricht von &#8222;Verleumdungen und Verdrehungen, gepaart mit Neid und Mi\u00dfgunst&#8220;.<br \/>\nIn Jever herrsche eitel Sonnenschein, w\u00e4hrend sich im Harlingerland Pleiten, Pech und Pannen \u00fcberholen.<br \/>\nUnd er nennt Beispiele wie die Schlamperei bei der Stadtlotterie: &#8222;Alles wiehert,alles lacht &#8211; wie hat Wittmund das gemacht?&#8220;<br \/>\nW\u00e4hrend dann schon mal Jevers Stadtdirektor Ingo Hashagen zun unfehlbaren &#8222;Terminator&#8220; wird, bescheinigt Schm\u00f6ckel dem Wittmunder B\u00fcrgermeister Karl-Heinz Kr\u00fcger den &#8222;schwierigsten Job Deutschlands&#8220;. Und B\u00fcrgermeister-Kandidat Alfred Siebolds m\u00fcsse &#8222;Probleme mit dem Geruchssinn&#8220; haben wenn er vollmundig ank\u00fcndigt, das Freizeitzentrum Isums in Nachbarschaft der Biogas-Anlage ausbauen zu wollen. \u00dcber die \u00dcberdachungs-Pl\u00e4ne von proWittmund k\u00f6nnen die Jeveraner nur lachen : &#8222;Bevor Wittmund eine Erlebnisstadt wird, haben wir in Jever l\u00e4ngst den Vatikan samt Petersdom installiert.&#8220;<br \/>\nDoch sp\u00e4testens nach der vers\u00f6hnlichen Gastrede von Dr.Antje Sander-Berke, der Leiterin des Schlossmuseums, ist allen wieder klar :<br \/>\n&#8222;Irgendwie sind wir doch alle Friesen.&#8220;<\/p>\n","protected":false},"excerpt":{"rendered":"<p>Im Streit die Freundschaft pflegen Mitglieder der &#8222;Gilde zur Goldenen Linie von 1666&#8220; sch\u00e4tzen handfeste Auseinandersetzungen Sonderlich gr\u00fcn waren sich Jeverl\u00e4nder und Harlingerl\u00e4nder nie. Doch eine Gilde will diese Animosit\u00e4ten sogar f\u00f6rdern.Von Wolfgang Malzahn\u00a0Wittmund. Dreimal klopft Herold Egon Hohn mit der Hellebarde auf den Fu\u00dfboden. Dann wei\u00df man, da\u00df jetzt etwas Neues kommt. Entweder ein &#8230; <span class=\"more\"><a class=\"more-link\" href=\"https:\/\/goldene-linie.de\/?page_id=42\">[weiterlesen&#8230;]<\/a><\/span><\/p>\n","protected":false},"author":5,"featured_media":0,"parent":0,"menu_order":0,"comment_status":"closed","ping_status":"closed","template":"page-full-width.php","meta":{"footnotes":""},"class_list":["entry","page","publish","author-clemens","post-42"],"_links":{"self":[{"href":"https:\/\/goldene-linie.de\/index.php?rest_route=\/wp\/v2\/pages\/42","targetHints":{"allow":["GET"]}}],"collection":[{"href":"https:\/\/goldene-linie.de\/index.php?rest_route=\/wp\/v2\/pages"}],"about":[{"href":"https:\/\/goldene-linie.de\/index.php?rest_route=\/wp\/v2\/types\/page"}],"author":[{"embeddable":true,"href":"https:\/\/goldene-linie.de\/index.php?rest_route=\/wp\/v2\/users\/5"}],"replies":[{"embeddable":true,"href":"https:\/\/goldene-linie.de\/index.php?rest_route=%2Fwp%2Fv2%2Fcomments&post=42"}],"version-history":[{"count":3,"href":"https:\/\/goldene-linie.de\/index.php?rest_route=\/wp\/v2\/pages\/42\/revisions"}],"predecessor-version":[{"id":66,"href":"https:\/\/goldene-linie.de\/index.php?rest_route=\/wp\/v2\/pages\/42\/revisions\/66"}],"wp:attachment":[{"href":"https:\/\/goldene-linie.de\/index.php?rest_route=%2Fwp%2Fv2%2Fmedia&parent=42"}],"curies":[{"name":"wp","href":"https:\/\/api.w.org\/{rel}","templated":true}]}}